{"id":82,"date":"2024-03-11T17:59:37","date_gmt":"2024-03-11T16:59:37","guid":{"rendered":"https:\/\/www.ackerbau-endorf.de\/?post_type=product&#038;p=82"},"modified":"2024-04-09T14:09:39","modified_gmt":"2024-04-09T12:09:39","slug":"bluehpatenschaft-abo","status":"publish","type":"product","link":"https:\/\/www.ackerbau-endorf.de\/?product=bluehpatenschaft-abo","title":{"rendered":"Bl\u00fchpatenschaft Abo"},"content":{"rendered":"<p>\u00dcbernimm eine Bl\u00fchpatenschaft!<\/p>\n<p>ACKERLAND WIRD BIENENRESERVAT<\/p>\n<p>Die Pflanzen, von denen wir uns ern\u00e4hren, sind gr\u00f6\u00dftenteils darauf angewiesen, von Insekten angeflogen zu werden. Insekten sind damit ein bedeutungsvoller Bestandteil, um die Pflanzenwelt und damit die Nahrungskette von Mensch und Tier zu erhalten.<\/p>\n<p>Wir leben von der Natur und wollen ihr ein St\u00fcck zur\u00fcckgeben. In diesem Jahr planen wir \u2013 die Menschen hinter der Endorfer Ackerbau GbR \u2013 drei Hektar Bienen-Weide anzulegen, der im kommenden Jahr f\u00fcr die Welt der Insekten zu einem sch\u00fctzenswerten Mikrokosmos heran bl\u00fchen wird \u2013 daf\u00fcr brauchen wir Euch!<\/p>\n","protected":false},"excerpt":{"rendered":"<p>\u00dcbernimm eine Bl\u00fchpatenschaft! ACKERLAND WIRD BIENENRESERVAT Die Pflanzen, von denen wir uns ern\u00e4hren, sind gr\u00f6\u00dftenteils darauf angewiesen, von Insekten angeflogen zu werden. Insekten sind damit ein bedeutungsvoller Bestandteil, um die Pflanzenwelt und damit die Nahrungskette von Mensch und Tier zu erhalten. Wir leben von der Natur und wollen ihr ein St\u00fcck zur\u00fcckgeben. In diesem Jahr [&hellip;]<\/p>\n","protected":false},"featured_media":85,"comment_status":"open","ping_status":"closed","template":"","meta":[],"product_cat":[16],"product_tag":[45,44],"class_list":{"0":"post-82","1":"product","2":"type-product","3":"status-publish","4":"has-post-thumbnail","6":"product_cat-bluehpatenschaften","7":"product_tag-bluehpatenschaft","8":"product_tag-bluehpatenschaft-abo","9":"product_shipping_class-versandkostenfrei","11":"first","12":"instock","13":"virtual","14":"taxable","15":"purchasable","16":"product-type-simple"},"_links":{"self":[{"href":"https:\/\/www.ackerbau-endorf.de\/index.php?rest_route=\/wp\/v2\/product\/82","targetHints":{"allow":["GET"]}}],"collection":[{"href":"https:\/\/www.ackerbau-endorf.de\/index.php?rest_route=\/wp\/v2\/product"}],"about":[{"href":"https:\/\/www.ackerbau-endorf.de\/index.php?rest_route=\/wp\/v2\/types\/product"}],"replies":[{"embeddable":true,"href":"https:\/\/www.ackerbau-endorf.de\/index.php?rest_route=%2Fwp%2Fv2%2Fcomments&post=82"}],"wp:featuredmedia":[{"embeddable":true,"href":"https:\/\/www.ackerbau-endorf.de\/index.php?rest_route=\/wp\/v2\/media\/85"}],"wp:attachment":[{"href":"https:\/\/www.ackerbau-endorf.de\/index.php?rest_route=%2Fwp%2Fv2%2Fmedia&parent=82"}],"wp:term":[{"taxonomy":"product_cat","embeddable":true,"href":"https:\/\/www.ackerbau-endorf.de\/index.php?rest_route=%2Fwp%2Fv2%2Fproduct_cat&post=82"},{"taxonomy":"product_tag","embeddable":true,"href":"https:\/\/www.ackerbau-endorf.de\/index.php?rest_route=%2Fwp%2Fv2%2Fproduct_tag&post=82"}],"curies":[{"name":"wp","href":"https:\/\/api.w.org\/{rel}","templated":true}]}}