{"id":164,"date":"2024-04-09T16:02:37","date_gmt":"2024-04-09T14:02:37","guid":{"rendered":"https:\/\/www.ackerbau-endorf.de\/?page_id=164"},"modified":"2024-04-09T16:57:37","modified_gmt":"2024-04-09T14:57:37","slug":"ueber-uns","status":"publish","type":"page","link":"https:\/\/www.ackerbau-endorf.de\/?page_id=164","title":{"rendered":"\u00dcber uns"},"content":{"rendered":"\n<div style=\"height:100px\" aria-hidden=\"true\" class=\"wp-block-spacer\"><\/div>\n\n\n\n<div class=\"wp-block-columns is-layout-flex wp-container-core-columns-is-layout-7fc3d43a wp-block-columns-is-layout-flex\">\n<div class=\"wp-block-column is-layout-flow wp-block-column-is-layout-flow\">\n<figure class=\"wp-block-image size-large\"><img loading=\"lazy\" decoding=\"async\" width=\"1024\" height=\"768\" src=\"https:\/\/www.ackerbau-endorf.de\/wp-content\/uploads\/2024\/04\/IMG-20240313-WA0013-1024x768.jpg\" alt=\"\" class=\"wp-image-123\" srcset=\"https:\/\/www.ackerbau-endorf.de\/wp-content\/uploads\/2024\/04\/IMG-20240313-WA0013-1024x768.jpg 1024w, https:\/\/www.ackerbau-endorf.de\/wp-content\/uploads\/2024\/04\/IMG-20240313-WA0013-300x225.jpg 300w, https:\/\/www.ackerbau-endorf.de\/wp-content\/uploads\/2024\/04\/IMG-20240313-WA0013-768x576.jpg 768w, https:\/\/www.ackerbau-endorf.de\/wp-content\/uploads\/2024\/04\/IMG-20240313-WA0013-1536x1152.jpg 1536w, https:\/\/www.ackerbau-endorf.de\/wp-content\/uploads\/2024\/04\/IMG-20240313-WA0013-600x450.jpg 600w, https:\/\/www.ackerbau-endorf.de\/wp-content\/uploads\/2024\/04\/IMG-20240313-WA0013.jpg 1600w\" sizes=\"auto, (max-width: 1024px) 100vw, 1024px\" \/><\/figure>\n<\/div>\n\n\n\n<div class=\"wp-block-column is-layout-flow wp-block-column-is-layout-flow\">\n<div class=\"wp-block-group wp-container-content-0733e5d0 is-vertical is-content-justification-stretch is-layout-flex wp-container-core-group-is-layout-353c4f5a wp-block-group-is-layout-flex\">\n<h2 class=\"wp-block-heading\">Wir sind<\/h2>\n\n\n\n<p>ein landwirtschaftlicher Familienbetrieb aus dem n\u00f6rdlichen Harzvorland.<\/p>\n\n\n\n<p>Die Kernkompetenzen unseres Unternehmens liegen in derlandwirtschaftlichen Urproduktion.<br>Das Unternehmen bewirtschaftet landwirtschaftliche Nutzfl\u00e4chen und erzeugt Rindfleisch aus fast ganzj\u00e4hriger Weidehaltung.<\/p>\n\n\n\n<p>Christian Ziegenhorn \u2013 der Chef vom Ganzen \u2013 Landwirt aus Leidenschaft, mit viel Liebe zum Boden, frei f\u00fcr jegliche Wandlung, Bodenexperte und Wettergenie.<\/p>\n\n\n\n<p>Nancy Ziegenhorn \u2013 Ehefrau von Christian Ziegenhorn, M\u00e4dchen f\u00fcr alle F\u00e4lle, rechte Hand vom \u201eChef\u201c und Social Media-Beauftragte im Lernprozess.<\/p>\n<\/div>\n<\/div>\n<\/div>\n\n\n\n<div style=\"height:50px\" aria-hidden=\"true\" class=\"wp-block-spacer\"><\/div>\n\n\n\n<div class=\"wp-block-columns is-layout-flex wp-container-core-columns-is-layout-7fc3d43a wp-block-columns-is-layout-flex\">\n<div class=\"wp-block-column is-layout-flow wp-block-column-is-layout-flow\">\n<figure class=\"wp-block-image size-large wp-container-content-0733e5d0\"><img loading=\"lazy\" decoding=\"async\" width=\"1024\" height=\"683\" src=\"https:\/\/www.ackerbau-endorf.de\/wp-content\/uploads\/2024\/03\/OdeAnDieBiene3-21-1024x683.jpg\" alt=\"\" class=\"wp-image-37\" style=\"object-fit:cover\" srcset=\"https:\/\/www.ackerbau-endorf.de\/wp-content\/uploads\/2024\/03\/OdeAnDieBiene3-21-1024x683.jpg 1024w, https:\/\/www.ackerbau-endorf.de\/wp-content\/uploads\/2024\/03\/OdeAnDieBiene3-21-scaled-600x400.jpg 600w, https:\/\/www.ackerbau-endorf.de\/wp-content\/uploads\/2024\/03\/OdeAnDieBiene3-21-300x200.jpg 300w, https:\/\/www.ackerbau-endorf.de\/wp-content\/uploads\/2024\/03\/OdeAnDieBiene3-21-768x512.jpg 768w, https:\/\/www.ackerbau-endorf.de\/wp-content\/uploads\/2024\/03\/OdeAnDieBiene3-21-1536x1024.jpg 1536w, https:\/\/www.ackerbau-endorf.de\/wp-content\/uploads\/2024\/03\/OdeAnDieBiene3-21-2048x1365.jpg 2048w\" sizes=\"auto, (max-width: 1024px) 100vw, 1024px\" \/><\/figure>\n<\/div>\n\n\n\n<div class=\"wp-block-column is-layout-flow wp-block-column-is-layout-flow\">\n<div class=\"wp-block-group wp-container-content-0733e5d0 is-vertical is-content-justification-left is-layout-flex wp-container-core-group-is-layout-dd225191 wp-block-group-is-layout-flex\">\n<h2 class=\"wp-block-heading is-style-default\">Die Idee<\/h2>\n\n\n\n<p class=\"wp-container-content-0733e5d0\">zu ODE AN DIE BIENE entstand im Urlaub des Jahres 2019. Die Fridays-for-Future-Bewegung bewegte uns sehr. Die vielen jungen Menschen auf der ganzen Welt, die uns aufriefen etwas zu tun. Wir machten uns dar\u00fcber Gedanken, was wir im Privaten und auch im Beruflichen tun k\u00f6nnten, um einen Beitrag zu den Forderungen der jungen Menschen zu leisten.<\/p>\n\n\n\n<p>Wir wollen mit ODE AN DIE BIENE neue Wege gehen und richten mit 30.000 Quadratmeter Fl\u00e4che Bl\u00fchwiesen ein und wollen dies sukzessiv erweitern. Wir wollen mit unserem Tun unsere Mitmenschen inspirieren, mit gutem Beispiel voran gehen, Verantwortung gegen\u00fcber der kommenden Generationen \u00fcbernehmen.<\/p>\n<\/div>\n<\/div>\n<\/div>\n\n\n\n<div style=\"height:50px\" aria-hidden=\"true\" class=\"wp-block-spacer\"><\/div>\n\n\n\n<div class=\"wp-block-columns is-layout-flex wp-container-core-columns-is-layout-7fc3d43a wp-block-columns-is-layout-flex\">\n<div class=\"wp-block-column is-layout-flow wp-block-column-is-layout-flow\">\n<div class=\"wp-block-group wp-container-content-0733e5d0 is-vertical is-content-justification-left is-layout-flex wp-container-core-group-is-layout-dd225191 wp-block-group-is-layout-flex\">\n<h2 class=\"wp-block-heading is-style-default\">Der Ort<\/h2>\n\n\n\n<div class=\"wp-block-group is-nowrap is-layout-flex wp-container-core-group-is-layout-6c531013 wp-block-group-is-layout-flex\">\n<figure class=\"wp-block-image size-full\"><img loading=\"lazy\" decoding=\"async\" width=\"429\" height=\"763\" src=\"https:\/\/www.ackerbau-endorf.de\/wp-content\/uploads\/2024\/04\/odeandiebiene1.jpg\" alt=\"\" class=\"wp-image-158\" srcset=\"https:\/\/www.ackerbau-endorf.de\/wp-content\/uploads\/2024\/04\/odeandiebiene1.jpg 429w, https:\/\/www.ackerbau-endorf.de\/wp-content\/uploads\/2024\/04\/odeandiebiene1-169x300.jpg 169w\" sizes=\"auto, (max-width: 429px) 100vw, 429px\" \/><\/figure>\n\n\n\n<figure class=\"wp-block-image size-full\"><img loading=\"lazy\" decoding=\"async\" width=\"420\" height=\"763\" src=\"https:\/\/www.ackerbau-endorf.de\/wp-content\/uploads\/2024\/04\/odeandiebiene2.jpg\" alt=\"\" class=\"wp-image-159\" srcset=\"https:\/\/www.ackerbau-endorf.de\/wp-content\/uploads\/2024\/04\/odeandiebiene2.jpg 420w, https:\/\/www.ackerbau-endorf.de\/wp-content\/uploads\/2024\/04\/odeandiebiene2-165x300.jpg 165w\" sizes=\"auto, (max-width: 420px) 100vw, 420px\" \/><\/figure>\n\n\n\n<figure class=\"wp-block-image size-full\"><img loading=\"lazy\" decoding=\"async\" width=\"567\" height=\"763\" src=\"https:\/\/www.ackerbau-endorf.de\/wp-content\/uploads\/2024\/04\/odeandiebiene3-2.jpg\" alt=\"\" class=\"wp-image-161\" srcset=\"https:\/\/www.ackerbau-endorf.de\/wp-content\/uploads\/2024\/04\/odeandiebiene3-2.jpg 567w, https:\/\/www.ackerbau-endorf.de\/wp-content\/uploads\/2024\/04\/odeandiebiene3-2-223x300.jpg 223w\" sizes=\"auto, (max-width: 567px) 100vw, 567px\" \/><\/figure>\n<\/div>\n\n\n\n<p>Unsere Bl\u00fchfl\u00e4chen liegen vorwiegend im n\u00f6rd\u00f6stlichenlichen<br>Harzvorland an einer alten Turmwindm\u00fchle.<br>Hier steht auch ein alter Eisenbahnwaggon, der uns als<br>Informations- und Verweilort zur Verf\u00fcgung steht.<\/p>\n<\/div>\n<\/div>\n<\/div>\n\n\n\n<div style=\"height:50px\" aria-hidden=\"true\" class=\"wp-block-spacer\"><\/div>\n\n\n\n<div class=\"wp-block-columns is-layout-flex wp-container-core-columns-is-layout-7fc3d43a wp-block-columns-is-layout-flex\">\n<div class=\"wp-block-column is-layout-flow wp-block-column-is-layout-flow\">\n<div class=\"wp-block-group wp-container-content-0733e5d0 is-vertical is-content-justification-left is-layout-flex wp-container-core-group-is-layout-dd225191 wp-block-group-is-layout-flex\">\n<h2 class=\"wp-block-heading is-style-default\">Kommunikative Begleitung<\/h2>\n\n\n\n<figure class=\"wp-block-image size-full\"><img loading=\"lazy\" decoding=\"async\" width=\"863\" height=\"572\" src=\"https:\/\/www.ackerbau-endorf.de\/wp-content\/uploads\/2024\/04\/bluehpatenschaft-kommunikation.jpg\" alt=\"\" class=\"wp-image-172\" srcset=\"https:\/\/www.ackerbau-endorf.de\/wp-content\/uploads\/2024\/04\/bluehpatenschaft-kommunikation.jpg 863w, https:\/\/www.ackerbau-endorf.de\/wp-content\/uploads\/2024\/04\/bluehpatenschaft-kommunikation-300x199.jpg 300w, https:\/\/www.ackerbau-endorf.de\/wp-content\/uploads\/2024\/04\/bluehpatenschaft-kommunikation-768x509.jpg 768w, https:\/\/www.ackerbau-endorf.de\/wp-content\/uploads\/2024\/04\/bluehpatenschaft-kommunikation-600x398.jpg 600w\" sizes=\"auto, (max-width: 863px) 100vw, 863px\" \/><\/figure>\n\n\n\n<p>Wird eine Patenschaft abgeschlossen, verschicken wir ein P\u00e4ckchen mit einer<br>Urkunde, Aufklebern, Honig und mit ein paar Gr\u00fc\u00dfen aus dem Harz.<\/p>\n<\/div>\n<\/div>\n\n\n\n<div class=\"wp-block-column is-layout-flow wp-block-column-is-layout-flow\">\n<figure class=\"wp-block-image size-large\"><img loading=\"lazy\" decoding=\"async\" width=\"842\" height=\"1024\" src=\"https:\/\/www.ackerbau-endorf.de\/wp-content\/uploads\/2024\/04\/bluehpatenschaft-paeckchen-842x1024.jpg\" alt=\"\" class=\"wp-image-170\" srcset=\"https:\/\/www.ackerbau-endorf.de\/wp-content\/uploads\/2024\/04\/bluehpatenschaft-paeckchen-842x1024.jpg 842w, https:\/\/www.ackerbau-endorf.de\/wp-content\/uploads\/2024\/04\/bluehpatenschaft-paeckchen-247x300.jpg 247w, https:\/\/www.ackerbau-endorf.de\/wp-content\/uploads\/2024\/04\/bluehpatenschaft-paeckchen-768x934.jpg 768w, https:\/\/www.ackerbau-endorf.de\/wp-content\/uploads\/2024\/04\/bluehpatenschaft-paeckchen-600x729.jpg 600w, https:\/\/www.ackerbau-endorf.de\/wp-content\/uploads\/2024\/04\/bluehpatenschaft-paeckchen.jpg 867w\" sizes=\"auto, (max-width: 842px) 100vw, 842px\" \/><\/figure>\n<\/div>\n<\/div>\n\n\n\n<div style=\"height:50px\" aria-hidden=\"true\" class=\"wp-block-spacer\"><\/div>\n\n\n\n<div class=\"wp-block-columns is-layout-flex wp-container-core-columns-is-layout-7fc3d43a wp-block-columns-is-layout-flex\">\n<div class=\"wp-block-column is-layout-flow wp-block-column-is-layout-flow\">\n<figure class=\"wp-block-image size-large\"><img loading=\"lazy\" decoding=\"async\" width=\"824\" height=\"1024\" src=\"https:\/\/www.ackerbau-endorf.de\/wp-content\/uploads\/2024\/04\/bluehpatenschaft-socialmedia-824x1024.jpg\" alt=\"\" class=\"wp-image-174\" srcset=\"https:\/\/www.ackerbau-endorf.de\/wp-content\/uploads\/2024\/04\/bluehpatenschaft-socialmedia-824x1024.jpg 824w, https:\/\/www.ackerbau-endorf.de\/wp-content\/uploads\/2024\/04\/bluehpatenschaft-socialmedia-241x300.jpg 241w, https:\/\/www.ackerbau-endorf.de\/wp-content\/uploads\/2024\/04\/bluehpatenschaft-socialmedia-768x955.jpg 768w, https:\/\/www.ackerbau-endorf.de\/wp-content\/uploads\/2024\/04\/bluehpatenschaft-socialmedia-600x746.jpg 600w, https:\/\/www.ackerbau-endorf.de\/wp-content\/uploads\/2024\/04\/bluehpatenschaft-socialmedia.jpg 848w\" sizes=\"auto, (max-width: 824px) 100vw, 824px\" \/><\/figure>\n<\/div>\n\n\n\n<div class=\"wp-block-column is-layout-flow wp-block-column-is-layout-flow\">\n<div class=\"wp-block-group wp-container-content-0733e5d0 is-vertical is-content-justification-left is-layout-flex wp-container-core-group-is-layout-dd225191 wp-block-group-is-layout-flex\">\n<p>\u00dcber Facebook und Instagram posten wir regelm\u00e4\u00dfig und senden Gr\u00fc\u00dfe von ODE AN DIE BIENE in die weite Welt.<br>Wir sind darin keine Profis, aber wir geben unser ganzes Herz in jeden Post.<\/p>\n<\/div>\n<\/div>\n<\/div>\n\n\n\n<div style=\"height:50px\" aria-hidden=\"true\" class=\"wp-block-spacer\"><\/div>\n\n\n\n<div class=\"wp-block-columns is-layout-flex wp-container-core-columns-is-layout-7fc3d43a wp-block-columns-is-layout-flex\">\n<div class=\"wp-block-column is-layout-flow wp-block-column-is-layout-flow\">\n<div class=\"wp-block-group is-nowrap is-layout-flex wp-container-core-group-is-layout-6c531013 wp-block-group-is-layout-flex\">\n<figure class=\"wp-block-image size-full\"><img loading=\"lazy\" decoding=\"async\" width=\"640\" height=\"798\" src=\"https:\/\/www.ackerbau-endorf.de\/wp-content\/uploads\/2024\/04\/bluehpatenschaft-stempel1.jpg\" alt=\"\" class=\"wp-image-181\" srcset=\"https:\/\/www.ackerbau-endorf.de\/wp-content\/uploads\/2024\/04\/bluehpatenschaft-stempel1.jpg 640w, https:\/\/www.ackerbau-endorf.de\/wp-content\/uploads\/2024\/04\/bluehpatenschaft-stempel1-241x300.jpg 241w, https:\/\/www.ackerbau-endorf.de\/wp-content\/uploads\/2024\/04\/bluehpatenschaft-stempel1-600x748.jpg 600w\" sizes=\"auto, (max-width: 640px) 100vw, 640px\" \/><\/figure>\n\n\n\n<figure class=\"wp-block-image size-full\"><img loading=\"lazy\" decoding=\"async\" width=\"375\" height=\"798\" src=\"https:\/\/www.ackerbau-endorf.de\/wp-content\/uploads\/2024\/04\/bluehpatenschaft-stempel2.jpg\" alt=\"\" class=\"wp-image-180\" srcset=\"https:\/\/www.ackerbau-endorf.de\/wp-content\/uploads\/2024\/04\/bluehpatenschaft-stempel2.jpg 375w, https:\/\/www.ackerbau-endorf.de\/wp-content\/uploads\/2024\/04\/bluehpatenschaft-stempel2-141x300.jpg 141w\" sizes=\"auto, (max-width: 375px) 100vw, 375px\" \/><\/figure>\n<\/div>\n\n\n\n<p>An unserer Wiese steht ein Stempelkasten mit einem Sonderstempel.<\/p>\n<\/div>\n\n\n\n<div class=\"wp-block-column is-layout-flow wp-block-column-is-layout-flow\">\n<div class=\"wp-block-group wp-container-content-0733e5d0 is-vertical is-content-justification-stretch is-layout-flex wp-container-core-group-is-layout-353c4f5a wp-block-group-is-layout-flex\">\n<figure class=\"wp-block-image size-full\"><img loading=\"lazy\" decoding=\"async\" width=\"960\" height=\"752\" src=\"https:\/\/www.ackerbau-endorf.de\/wp-content\/uploads\/2024\/04\/bluehpatenschaft-namen-2.jpg\" alt=\"\" class=\"wp-image-185\" srcset=\"https:\/\/www.ackerbau-endorf.de\/wp-content\/uploads\/2024\/04\/bluehpatenschaft-namen-2.jpg 960w, https:\/\/www.ackerbau-endorf.de\/wp-content\/uploads\/2024\/04\/bluehpatenschaft-namen-2-300x235.jpg 300w, https:\/\/www.ackerbau-endorf.de\/wp-content\/uploads\/2024\/04\/bluehpatenschaft-namen-2-768x602.jpg 768w, https:\/\/www.ackerbau-endorf.de\/wp-content\/uploads\/2024\/04\/bluehpatenschaft-namen-2-600x470.jpg 600w\" sizes=\"auto, (max-width: 960px) 100vw, 960px\" \/><\/figure>\n\n\n\n<p>Jede Parzelle ist markiert mit dem Namen eines jeden Paten\/einer jeden Patin<\/p>\n<\/div>\n<\/div>\n<\/div>\n\n\n\n<div style=\"height:50px\" aria-hidden=\"true\" class=\"wp-block-spacer\"><\/div>\n\n\n\n<div class=\"wp-block-columns is-layout-flex wp-container-core-columns-is-layout-7fc3d43a wp-block-columns-is-layout-flex\">\n<div class=\"wp-block-column is-layout-flow wp-block-column-is-layout-flow\">\n<figure class=\"wp-block-image size-full\"><img loading=\"lazy\" decoding=\"async\" width=\"960\" height=\"779\" src=\"https:\/\/www.ackerbau-endorf.de\/wp-content\/uploads\/2024\/04\/bluehpatenschaft-schilder.jpg\" alt=\"\" class=\"wp-image-187\" srcset=\"https:\/\/www.ackerbau-endorf.de\/wp-content\/uploads\/2024\/04\/bluehpatenschaft-schilder.jpg 960w, https:\/\/www.ackerbau-endorf.de\/wp-content\/uploads\/2024\/04\/bluehpatenschaft-schilder-300x243.jpg 300w, https:\/\/www.ackerbau-endorf.de\/wp-content\/uploads\/2024\/04\/bluehpatenschaft-schilder-768x623.jpg 768w, https:\/\/www.ackerbau-endorf.de\/wp-content\/uploads\/2024\/04\/bluehpatenschaft-schilder-600x487.jpg 600w\" sizes=\"auto, (max-width: 960px) 100vw, 960px\" \/><\/figure>\n<\/div>\n\n\n\n<div class=\"wp-block-column is-layout-flow wp-block-column-is-layout-flow\">\n<div class=\"wp-block-group wp-container-content-0733e5d0 is-vertical is-content-justification-left is-layout-flex wp-container-core-group-is-layout-dd225191 wp-block-group-is-layout-flex\">\n<p>Unsere Bl\u00fchwiesen informieren und inspirieren mit kleinen Hinweisschildern.<\/p>\n<\/div>\n<\/div>\n<\/div>\n","protected":false},"excerpt":{"rendered":"<p>Wir sind ein landwirtschaftlicher Familienbetrieb aus dem n\u00f6rdlichen Harzvorland. Die Kernkompetenzen unseres Unternehmens liegen in derlandwirtschaftlichen Urproduktion.Das Unternehmen bewirtschaftet landwirtschaftliche Nutzfl\u00e4chen und erzeugt Rindfleisch aus fast ganzj\u00e4hriger Weidehaltung. Christian Ziegenhorn \u2013 der Chef vom Ganzen \u2013 Landwirt aus Leidenschaft, mit viel Liebe zum Boden, frei f\u00fcr jegliche Wandlung, Bodenexperte und Wettergenie. Nancy Ziegenhorn \u2013 Ehefrau [&hellip;]<\/p>\n","protected":false},"author":1,"featured_media":0,"parent":0,"menu_order":0,"comment_status":"closed","ping_status":"closed","template":"","meta":{"footnotes":""},"class_list":["post-164","page","type-page","status-publish","hentry"],"_links":{"self":[{"href":"https:\/\/www.ackerbau-endorf.de\/index.php?rest_route=\/wp\/v2\/pages\/164","targetHints":{"allow":["GET"]}}],"collection":[{"href":"https:\/\/www.ackerbau-endorf.de\/index.php?rest_route=\/wp\/v2\/pages"}],"about":[{"href":"https:\/\/www.ackerbau-endorf.de\/index.php?rest_route=\/wp\/v2\/types\/page"}],"author":[{"embeddable":true,"href":"https:\/\/www.ackerbau-endorf.de\/index.php?rest_route=\/wp\/v2\/users\/1"}],"replies":[{"embeddable":true,"href":"https:\/\/www.ackerbau-endorf.de\/index.php?rest_route=%2Fwp%2Fv2%2Fcomments&post=164"}],"version-history":[{"count":13,"href":"https:\/\/www.ackerbau-endorf.de\/index.php?rest_route=\/wp\/v2\/pages\/164\/revisions"}],"predecessor-version":[{"id":188,"href":"https:\/\/www.ackerbau-endorf.de\/index.php?rest_route=\/wp\/v2\/pages\/164\/revisions\/188"}],"wp:attachment":[{"href":"https:\/\/www.ackerbau-endorf.de\/index.php?rest_route=%2Fwp%2Fv2%2Fmedia&parent=164"}],"curies":[{"name":"wp","href":"https:\/\/api.w.org\/{rel}","templated":true}]}}